{"id":2916,"date":"2025-03-14T12:39:31","date_gmt":"2025-03-14T11:39:31","guid":{"rendered":"https:\/\/www.audaces-s.fr\/wp\/?page_id=2916"},"modified":"2026-01-26T17:11:31","modified_gmt":"2026-01-26T16:11:31","slug":"moselle-jeunesse","status":"publish","type":"page","link":"https:\/\/www.audaces-s.fr\/wp\/moselle-jeunesse\/","title":{"rendered":"Moselle Jeunesse 57730"},"content":{"rendered":"\n<div data-wp-interactive=\"core\/file\" class=\"wp-block-file\"><object data-wp-bind--hidden=\"!state.hasPdfPreview\" hidden class=\"wp-block-file__embed\" data=\"https:\/\/www.audaces-s.fr\/wp\/wp-content\/uploads\/2026\/01\/MJ-fevrier-modifs.pdf\" type=\"application\/pdf\" style=\"width:100%;height:600px\" aria-label=\"Contenu embarqu\u00e9 MJ fe\u0301vrier modifs.\"><\/object><a id=\"wp-block-file--media-de87c069-cc06-45d7-a4a0-be2b9d0035f3\" href=\"https:\/\/www.audaces-s.fr\/wp\/wp-content\/uploads\/2026\/01\/MJ-fevrier-modifs.pdf\">MJ fe\u0301vrier modifs<\/a><a href=\"https:\/\/www.audaces-s.fr\/wp\/wp-content\/uploads\/2026\/01\/MJ-fevrier-modifs.pdf\" class=\"wp-block-file__button wp-element-button\" download aria-describedby=\"wp-block-file--media-de87c069-cc06-45d7-a4a0-be2b9d0035f3\">T\u00e9l\u00e9charger<\/a><\/div>\n\n\n\n<p><strong>Moselle jeunesse, c\u2019est un programme d\u2019activit\u00e9s \u00e9ducatives pour les jeunes de 11 \u00e0 17 ans.<\/strong><\/p>\n\n\n\n<p>P\u00e9riodes auxquels se d\u00e9roule Moselle Jeunesse &nbsp;: durant les vacances scolaires d&rsquo;hiver, de printemps et d\u2019automne ainsi que de 3 \u00e0 4 semaines durant les vacances d\u2019\u00e9t\u00e9.<\/p>\n\n\n\n<p>O\u00f9&nbsp;: selon la p\u00e9riode, Moselle jeunesse peut se d\u00e9rouler&nbsp;au centre social, au gymnase Andr\u00e9 Appel ou dans d&rsquo;autres infrastructures de la ville.<\/p>\n\n\n\n<p>Qui&nbsp;: &nbsp;le centre socioculturel coordonne le projet avec la ville de Folschviller et en partenariat avec les associations sportives de la ville. <\/p>\n","protected":false},"excerpt":{"rendered":"<p>Moselle jeunesse, c\u2019est un programme d\u2019activit\u00e9s \u00e9ducatives pour les jeunes de 11 \u00e0 17 ans. P\u00e9riodes auxquels se d\u00e9roule Moselle Jeunesse &nbsp;: durant les vacances scolaires d&rsquo;hiver, de printemps et [&hellip;]<\/p>\n","protected":false},"author":6,"featured_media":0,"parent":0,"menu_order":14,"comment_status":"closed","ping_status":"closed","template":"","meta":{"footnotes":""},"class_list":["post-2916","page","type-page","status-publish","czr-hentry"],"yoast_head":"<!-- This site is optimized with the Yoast SEO plugin v27.4 - https:\/\/yoast.com\/product\/yoast-seo-wordpress\/ -->\n<title>Moselle Jeunesse 57730 - AUDACES&#039;S<\/title>\n<meta name=\"robots\" content=\"index, follow, max-snippet:-1, max-image-preview:large, max-video-preview:-1\" \/>\n<link rel=\"canonical\" href=\"https:\/\/www.audaces-s.fr\/wp\/moselle-jeunesse\/\" \/>\n<meta property=\"og:locale\" content=\"fr_FR\" \/>\n<meta property=\"og:type\" content=\"article\" \/>\n<meta property=\"og:title\" content=\"Moselle Jeunesse 57730 - AUDACES&#039;S\" \/>\n<meta property=\"og:description\" content=\"Moselle jeunesse, c\u2019est un programme d\u2019activit\u00e9s \u00e9ducatives pour les jeunes de 11 \u00e0 17 ans. P\u00e9riodes auxquels se d\u00e9roule Moselle Jeunesse &nbsp;: durant les vacances scolaires d&rsquo;hiver, de printemps et [&hellip;]\" \/>\n<meta property=\"og:url\" content=\"https:\/\/www.audaces-s.fr\/wp\/moselle-jeunesse\/\" \/>\n<meta property=\"og:site_name\" content=\"AUDACES&#039;S\" \/>\n<meta property=\"article:publisher\" content=\"https:\/\/www.facebook.com\/associationaudaces\" \/>\n<meta property=\"article:modified_time\" content=\"2026-01-26T16:11:31+00:00\" \/>\n<meta name=\"twitter:card\" content=\"summary_large_image\" \/>\n<meta name=\"twitter:label1\" content=\"Dur\u00e9e de lecture estim\u00e9e\" \/>\n\t<meta name=\"twitter:data1\" content=\"5 minutes\" \/>\n<script type=\"application\/ld+json\" class=\"yoast-schema-graph\">{\"@context\":\"https:\\\/\\\/schema.org\",\"@graph\":[{\"@type\":\"WebPage\",\"@id\":\"https:\\\/\\\/www.audaces-s.fr\\\/wp\\\/moselle-jeunesse\\\/\",\"url\":\"https:\\\/\\\/www.audaces-s.fr\\\/wp\\\/moselle-jeunesse\\\/\",\"name\":\"Moselle Jeunesse 57730 - AUDACES&#039;S\",\"isPartOf\":{\"@id\":\"https:\\\/\\\/www.audaces-s.fr\\\/wp\\\/#website\"},\"datePublished\":\"2025-03-14T11:39:31+00:00\",\"dateModified\":\"2026-01-26T16:11:31+00:00\",\"breadcrumb\":{\"@id\":\"https:\\\/\\\/www.audaces-s.fr\\\/wp\\\/moselle-jeunesse\\\/#breadcrumb\"},\"inLanguage\":\"fr-FR\",\"potentialAction\":[{\"@type\":\"ReadAction\",\"target\":[\"https:\\\/\\\/www.audaces-s.fr\\\/wp\\\/moselle-jeunesse\\\/\"]}]},{\"@type\":\"BreadcrumbList\",\"@id\":\"https:\\\/\\\/www.audaces-s.fr\\\/wp\\\/moselle-jeunesse\\\/#breadcrumb\",\"itemListElement\":[{\"@type\":\"ListItem\",\"position\":1,\"name\":\"Accueil\",\"item\":\"https:\\\/\\\/www.audaces-s.fr\\\/wp\\\/\"},{\"@type\":\"ListItem\",\"position\":2,\"name\":\"Moselle Jeunesse 57730\"}]},{\"@type\":\"WebSite\",\"@id\":\"https:\\\/\\\/www.audaces-s.fr\\\/wp\\\/#website\",\"url\":\"https:\\\/\\\/www.audaces-s.fr\\\/wp\\\/\",\"name\":\"AUDACES'S\",\"description\":\"Association d&#039;union des activit\u00e9s culturelles, \u00e9ducatives, sociales et sportives\",\"publisher\":{\"@id\":\"https:\\\/\\\/www.audaces-s.fr\\\/wp\\\/#organization\"},\"potentialAction\":[{\"@type\":\"SearchAction\",\"target\":{\"@type\":\"EntryPoint\",\"urlTemplate\":\"https:\\\/\\\/www.audaces-s.fr\\\/wp\\\/?s={search_term_string}\"},\"query-input\":{\"@type\":\"PropertyValueSpecification\",\"valueRequired\":true,\"valueName\":\"search_term_string\"}}],\"inLanguage\":\"fr-FR\"},{\"@type\":\"Organization\",\"@id\":\"https:\\\/\\\/www.audaces-s.fr\\\/wp\\\/#organization\",\"name\":\"Association AUDACES'S\",\"url\":\"https:\\\/\\\/www.audaces-s.fr\\\/wp\\\/\",\"logo\":{\"@type\":\"ImageObject\",\"inLanguage\":\"fr-FR\",\"@id\":\"https:\\\/\\\/www.audaces-s.fr\\\/wp\\\/#\\\/schema\\\/logo\\\/image\\\/\",\"url\":\"https:\\\/\\\/i0.wp.com\\\/www.audaces-s.fr\\\/wp\\\/wp-content\\\/uploads\\\/2021\\\/04\\\/cropped-logo-WP1-1.png?fit=969%2C238&ssl=1\",\"contentUrl\":\"https:\\\/\\\/i0.wp.com\\\/www.audaces-s.fr\\\/wp\\\/wp-content\\\/uploads\\\/2021\\\/04\\\/cropped-logo-WP1-1.png?fit=969%2C238&ssl=1\",\"width\":969,\"height\":238,\"caption\":\"Association AUDACES'S\"},\"image\":{\"@id\":\"https:\\\/\\\/www.audaces-s.fr\\\/wp\\\/#\\\/schema\\\/logo\\\/image\\\/\"},\"sameAs\":[\"https:\\\/\\\/www.facebook.com\\\/associationaudaces\"]}]}<\/script>\n<!-- \/ Yoast SEO plugin. -->","yoast_head_json":{"title":"Moselle Jeunesse 57730 - AUDACES&#039;S","robots":{"index":"index","follow":"follow","max-snippet":"max-snippet:-1","max-image-preview":"max-image-preview:large","max-video-preview":"max-video-preview:-1"},"canonical":"https:\/\/www.audaces-s.fr\/wp\/moselle-jeunesse\/","og_locale":"fr_FR","og_type":"article","og_title":"Moselle Jeunesse 57730 - AUDACES&#039;S","og_description":"Moselle jeunesse, c\u2019est un programme d\u2019activit\u00e9s \u00e9ducatives pour les jeunes de 11 \u00e0 17 ans. P\u00e9riodes auxquels se d\u00e9roule Moselle Jeunesse &nbsp;: durant les vacances scolaires d&rsquo;hiver, de printemps et [&hellip;]","og_url":"https:\/\/www.audaces-s.fr\/wp\/moselle-jeunesse\/","og_site_name":"AUDACES&#039;S","article_publisher":"https:\/\/www.facebook.com\/associationaudaces","article_modified_time":"2026-01-26T16:11:31+00:00","twitter_card":"summary_large_image","twitter_misc":{"Dur\u00e9e de lecture estim\u00e9e":"5 minutes"},"schema":{"@context":"https:\/\/schema.org","@graph":[{"@type":"WebPage","@id":"https:\/\/www.audaces-s.fr\/wp\/moselle-jeunesse\/","url":"https:\/\/www.audaces-s.fr\/wp\/moselle-jeunesse\/","name":"Moselle Jeunesse 57730 - AUDACES&#039;S","isPartOf":{"@id":"https:\/\/www.audaces-s.fr\/wp\/#website"},"datePublished":"2025-03-14T11:39:31+00:00","dateModified":"2026-01-26T16:11:31+00:00","breadcrumb":{"@id":"https:\/\/www.audaces-s.fr\/wp\/moselle-jeunesse\/#breadcrumb"},"inLanguage":"fr-FR","potentialAction":[{"@type":"ReadAction","target":["https:\/\/www.audaces-s.fr\/wp\/moselle-jeunesse\/"]}]},{"@type":"BreadcrumbList","@id":"https:\/\/www.audaces-s.fr\/wp\/moselle-jeunesse\/#breadcrumb","itemListElement":[{"@type":"ListItem","position":1,"name":"Accueil","item":"https:\/\/www.audaces-s.fr\/wp\/"},{"@type":"ListItem","position":2,"name":"Moselle Jeunesse 57730"}]},{"@type":"WebSite","@id":"https:\/\/www.audaces-s.fr\/wp\/#website","url":"https:\/\/www.audaces-s.fr\/wp\/","name":"AUDACES'S","description":"Association d&#039;union des activit\u00e9s culturelles, \u00e9ducatives, sociales et sportives","publisher":{"@id":"https:\/\/www.audaces-s.fr\/wp\/#organization"},"potentialAction":[{"@type":"SearchAction","target":{"@type":"EntryPoint","urlTemplate":"https:\/\/www.audaces-s.fr\/wp\/?s={search_term_string}"},"query-input":{"@type":"PropertyValueSpecification","valueRequired":true,"valueName":"search_term_string"}}],"inLanguage":"fr-FR"},{"@type":"Organization","@id":"https:\/\/www.audaces-s.fr\/wp\/#organization","name":"Association AUDACES'S","url":"https:\/\/www.audaces-s.fr\/wp\/","logo":{"@type":"ImageObject","inLanguage":"fr-FR","@id":"https:\/\/www.audaces-s.fr\/wp\/#\/schema\/logo\/image\/","url":"https:\/\/i0.wp.com\/www.audaces-s.fr\/wp\/wp-content\/uploads\/2021\/04\/cropped-logo-WP1-1.png?fit=969%2C238&ssl=1","contentUrl":"https:\/\/i0.wp.com\/www.audaces-s.fr\/wp\/wp-content\/uploads\/2021\/04\/cropped-logo-WP1-1.png?fit=969%2C238&ssl=1","width":969,"height":238,"caption":"Association AUDACES'S"},"image":{"@id":"https:\/\/www.audaces-s.fr\/wp\/#\/schema\/logo\/image\/"},"sameAs":["https:\/\/www.facebook.com\/associationaudaces"]}]}},"_links":{"self":[{"href":"https:\/\/www.audaces-s.fr\/wp\/wp-json\/wp\/v2\/pages\/2916","targetHints":{"allow":["GET"]}}],"collection":[{"href":"https:\/\/www.audaces-s.fr\/wp\/wp-json\/wp\/v2\/pages"}],"about":[{"href":"https:\/\/www.audaces-s.fr\/wp\/wp-json\/wp\/v2\/types\/page"}],"author":[{"embeddable":true,"href":"https:\/\/www.audaces-s.fr\/wp\/wp-json\/wp\/v2\/users\/6"}],"replies":[{"embeddable":true,"href":"https:\/\/www.audaces-s.fr\/wp\/wp-json\/wp\/v2\/comments?post=2916"}],"version-history":[{"count":1,"href":"https:\/\/www.audaces-s.fr\/wp\/wp-json\/wp\/v2\/pages\/2916\/revisions"}],"predecessor-version":[{"id":4709,"href":"https:\/\/www.audaces-s.fr\/wp\/wp-json\/wp\/v2\/pages\/2916\/revisions\/4709"}],"wp:attachment":[{"href":"https:\/\/www.audaces-s.fr\/wp\/wp-json\/wp\/v2\/media?parent=2916"}],"curies":[{"name":"wp","href":"https:\/\/api.w.org\/{rel}","templated":true}]}}